{"id":1029,"date":"2019-10-12T11:19:40","date_gmt":"2019-10-12T11:19:40","guid":{"rendered":"https:\/\/kongegrave.dk\/?page_id=1029"},"modified":"2025-08-28T08:08:25","modified_gmt":"2025-08-28T08:08:25","slug":"sigfred-sigurd-ring-745-800","status":"publish","type":"page","link":"https:\/\/kongegrave.dk\/?page_id=1029","title":{"rendered":"Sigfred Regnars\u00f8n (o.745-o.800)"},"content":{"rendered":"\n<p><a href=\"http:\/\/kongefamilier.dk\/webtrees\/index.php?route=%2Fwebtrees%2Ftree%2Fkonger%2Findividual%2FI500130%2FSigfred-Regnarson\">Sigfred<\/a> var barnebarn af dronning <a href=\"https:\/\/kongegrave.dk\/?page_id=14075\/#aud\">Aud<\/a> og kong <a href=\"https:\/\/kongegrave.dk\/?page_id=11272\/#radbau\">Radbau<\/a> fra Frisien og dermed nev\u00f8 til sin forg\u00e6nger, <a href=\"https:\/\/kongegrave.dk\/?page_id=9489\" data-type=\"page\" data-id=\"9489\">Harald Hildetand<\/a>. Sigfred er omtalt i de frankiske annaler og er identisk med Sigurd Ring, som er omtalt i islandske sagaer. I dette website kalder vi efterkommerne af Sigfred for <em>sigfredlinjen<\/em>. Sigfred var underkonge i Sverige under sin onkel men i slaget ved <a href=\"https:\/\/kongegrave.dk\/?page_id=15325\" data-type=\"page\" data-id=\"15325\">Br\u00e5valla<\/a> o. 770 blev Harald Hildetand dr\u00e6bt og Sigfred var nu konge i b\u00e5de Danmark og Sverige. Denne oplysning stammer fra islandske sagaer.<\/p>\n\n\n\n<figure class=\"wp-block-image size-full\"><img loading=\"lazy\" decoding=\"async\" width=\"856\" height=\"879\" src=\"https:\/\/kongegrave.dk\/wp-content\/uploads\/2022\/07\/image.png\" alt=\"\" class=\"wp-image-23416\" srcset=\"https:\/\/kongegrave.dk\/wp-content\/uploads\/2022\/07\/image.png 856w, https:\/\/kongegrave.dk\/wp-content\/uploads\/2022\/07\/image-292x300.png 292w, https:\/\/kongegrave.dk\/wp-content\/uploads\/2022\/07\/image-768x789.png 768w\" sizes=\"auto, (max-width: 767px) 89vw, (max-width: 1000px) 54vw, (max-width: 1071px) 543px, 580px\" \/><figcaption class=\"wp-element-caption\">Sigurd Ring br\u00e6nder Harald Hildetands lig efter Br\u00e5valla-slaget. Friedrich Wilhelm Heine. Wikipedia<\/figcaption><\/figure>\n\n\n\n<p>I 777 havde den saksiske h\u00f8vding, <a href=\"https:\/\/kongegrave.dk\/?page_id=10979\/#widukind\" data-type=\"page\">Widukind<\/a>, forg\u00e6ves fors\u00f8gt et opr\u00f8r mod <a href=\"https:\/\/kongegrave.dk\/?page_id=6735\">Karl den Store<\/a>, men m\u00e5tte flygte op til Sigfred, hvor han boede indtil 785. Han giftede sig med Siegfreds s\u00f8ster, <a href=\"http:\/\/kongefamilier.dk\/webtrees\/index.php?route=%2Fwebtrees%2Ftree%2Fkonger%2Findividual%2FI501042%2FGeva-Sigfredsdatter\">Geva<\/a>. I 782 sendte Sigfred sin f\u00e6tter, <a href=\"http:\/\/kongefamilier.dk\/webtrees\/index.php?route=%2Fwebtrees%2Ftree%2Fkonger%2Fhourglass-3-0%2FI500139\">Halfdan<\/a> til Karl den Stores borg i Paderborn, hvor kejseren holdt rigsm\u00f8de. Denne oplysning stammer fra de frankiske annaler, som ogs\u00e5 oplyser, at Sigfred stadig var konge i 798, hvor Karl den Store sendte et sendebud til den danske konge. Det var i Sigfreds regeringstid, at det store vikingeangreb p\u00e5 klostret p\u00e5 \u00f8en Lindisfarne fandt sted 8. juni 793. Dette angreb var ligesom de utallige andre vikingeangreb, som fandt sted indtil Harald Bl\u00e5tands regeringsted, ledet af lokale h\u00f8vdinge og uden kongelig deltagelse. <\/p>\n\n\n\n<p><\/p>\n","protected":false},"excerpt":{"rendered":"<p>Sigfred var barnebarn af dronning Aud og kong Radbau fra Frisien og dermed nev\u00f8 til sin forg\u00e6nger, Harald Hildetand. Sigfred er omtalt i de frankiske annaler og er identisk med Sigurd Ring, som er omtalt i islandske sagaer. I dette website kalder vi efterkommerne af Sigfred for sigfredlinjen. Sigfred var underkonge i Sverige under sin &hellip; <\/p>\n<p class=\"link-more\"><a href=\"https:\/\/kongegrave.dk\/?page_id=1029\" class=\"more-link\">L\u00e6s videre<span class=\"screen-reader-text\"> &#8220;Sigfred Regnars\u00f8n (o.745-o.800)&#8221;<\/span><\/a><\/p>\n","protected":false},"author":1,"featured_media":0,"parent":0,"menu_order":0,"comment_status":"closed","ping_status":"closed","template":"","meta":{"footnotes":""},"class_list":["post-1029","page","type-page","status-publish","hentry"],"_links":{"self":[{"href":"https:\/\/kongegrave.dk\/index.php?rest_route=\/wp\/v2\/pages\/1029","targetHints":{"allow":["GET"]}}],"collection":[{"href":"https:\/\/kongegrave.dk\/index.php?rest_route=\/wp\/v2\/pages"}],"about":[{"href":"https:\/\/kongegrave.dk\/index.php?rest_route=\/wp\/v2\/types\/page"}],"author":[{"embeddable":true,"href":"https:\/\/kongegrave.dk\/index.php?rest_route=\/wp\/v2\/users\/1"}],"replies":[{"embeddable":true,"href":"https:\/\/kongegrave.dk\/index.php?rest_route=%2Fwp%2Fv2%2Fcomments&post=1029"}],"version-history":[{"count":46,"href":"https:\/\/kongegrave.dk\/index.php?rest_route=\/wp\/v2\/pages\/1029\/revisions"}],"predecessor-version":[{"id":30931,"href":"https:\/\/kongegrave.dk\/index.php?rest_route=\/wp\/v2\/pages\/1029\/revisions\/30931"}],"wp:attachment":[{"href":"https:\/\/kongegrave.dk\/index.php?rest_route=%2Fwp%2Fv2%2Fmedia&parent=1029"}],"curies":[{"name":"wp","href":"https:\/\/api.w.org\/{rel}","templated":true}]}}