{"id":1040,"date":"2019-10-12T12:34:22","date_gmt":"2019-10-12T12:34:22","guid":{"rendered":"https:\/\/kongegrave.dk\/?page_id=1040"},"modified":"2025-08-28T09:08:00","modified_gmt":"2025-08-28T09:08:00","slug":"harald-klak-785-852","status":"publish","type":"page","link":"https:\/\/kongegrave.dk\/?page_id=1040","title":{"rendered":"Harald Klak (o.785-852)"},"content":{"rendered":"\n<figure class=\"wp-block-image size-full\"><img loading=\"lazy\" decoding=\"async\" width=\"900\" height=\"370\" src=\"https:\/\/kongegrave.dk\/wp-content\/uploads\/2025\/02\/image-5.png\" alt=\"\" class=\"wp-image-30266\" srcset=\"https:\/\/kongegrave.dk\/wp-content\/uploads\/2025\/02\/image-5.png 900w, https:\/\/kongegrave.dk\/wp-content\/uploads\/2025\/02\/image-5-300x123.png 300w, https:\/\/kongegrave.dk\/wp-content\/uploads\/2025\/02\/image-5-768x316.png 768w\" sizes=\"auto, (max-width: 767px) 89vw, (max-width: 1000px) 54vw, (max-width: 1071px) 543px, 580px\" \/><\/figure>\n\n\n<div class=\"wp-block-image\">\n<figure class=\"aligncenter size-full is-resized\"><img loading=\"lazy\" decoding=\"async\" width=\"628\" height=\"849\" src=\"https:\/\/kongegrave.dk\/wp-content\/uploads\/2022\/05\/Skaermbillede-2022-05-28-105032.jpg\" alt=\"\" class=\"wp-image-22910\" style=\"width:323px;height:437px\" srcset=\"https:\/\/kongegrave.dk\/wp-content\/uploads\/2022\/05\/Skaermbillede-2022-05-28-105032.jpg 628w, https:\/\/kongegrave.dk\/wp-content\/uploads\/2022\/05\/Skaermbillede-2022-05-28-105032-222x300.jpg 222w\" sizes=\"auto, (max-width: 628px) 100vw, 628px\" \/><figcaption class=\"wp-element-caption\">Fantasibillede fra Olai Torms oversigt over danske konger fra 1670.<\/figcaption><\/figure>\n<\/div>\n\n\n<p><a href=\"http:\/\/kongefamilier.dk\/webtrees\/index.php?route=%2Fwebtrees%2Ftree%2Fkonger%2Fhourglass-3-0%2FI500048\">Harald Klak<\/a> var barnebarn af <a href=\"https:\/\/kongegrave.dk\/?page_id=9489\" data-type=\"page\" data-id=\"9489\">Harald Hildetand<\/a>. Han blev medkonge i 812 i en alder af o. 27 \u00e5r.<\/p>\n\n\n\n<p><c id=\"reginfred\">E<\/c>fter <a href=\"https:\/\/kongegrave.dk\/?page_id=1037\" data-type=\"page\" data-id=\"1037\">Hemmings<\/a> d\u00f8d i 812 startede et opg\u00f8r mellem to fl\u00f8je af den danske kongesl\u00e6gt. Haraldlinjen var repr\u00e6senteret af Harald Klak og hans br\u00f8dre <a href=\"http:\/\/kongefamilier.dk\/webtrees\/index.php?route=%2Fwebtrees%2Ftree%2Fkonger%2Findividual%2FI500141%2FReginfred\">Reginfred<\/a> og <a href=\"http:\/\/kongefamilier.dk\/webtrees\/index.php?route=%2Fwebtrees%2Ftree%2Fkonger%2Findividual%2FI501202%2FAnulo\">Anulo<\/a>. Sigfredlinjen var repr\u00e6senteret af <a href=\"https:\/\/kongegrave.dk\/?page_id=1033\" data-type=\"page\" data-id=\"1033\">Godfreds<\/a> s\u00f8nner og af hans nev\u00f8, <a href=\"http:\/\/kongefamilier.dk\/webtrees\/index.php?route=%2Fwebtrees%2Ftree%2Fkonger%2Findividual%2FI501354%2FSigfred-Sigvardson\">Sigfred<\/a>, som dog blev dr\u00e6bt sammen med Anulo i 812. F\u00f8rst blev kongemagten delt mellem Harald Klak og Reginfred, men de blev udfordret af Godfreds s\u00f8n, <a href=\"https:\/\/kongegrave.dk\/?page_id=1045\" data-type=\"page\" data-id=\"1045\">Horik 1 \/ Erik 1<\/a>, som fordrev br\u00f8drene til Frankerriget. De fors\u00f8gte et comeback \u00e5ret efter, men her blev Reginfred dr\u00e6bt, og Harald m\u00e5tte igen flygte.<\/p>\n\n\n\n<figure class=\"wp-block-image size-full\"><img loading=\"lazy\" decoding=\"async\" width=\"946\" height=\"467\" src=\"https:\/\/kongegrave.dk\/wp-content\/uploads\/2025\/02\/image-6.png\" alt=\"\" class=\"wp-image-30269\" srcset=\"https:\/\/kongegrave.dk\/wp-content\/uploads\/2025\/02\/image-6.png 946w, https:\/\/kongegrave.dk\/wp-content\/uploads\/2025\/02\/image-6-300x148.png 300w, https:\/\/kongegrave.dk\/wp-content\/uploads\/2025\/02\/image-6-768x379.png 768w\" sizes=\"auto, (max-width: 767px) 89vw, (max-width: 1000px) 54vw, (max-width: 1071px) 543px, 580px\" \/><\/figure>\n\n\n\n<p>I 815 blev Jylland invaderet af frankerne under Ludvig den Fromme sammen med Harald Klak . De erobrede Hedeby og det store anl\u00e6g ved <a href=\"https:\/\/kongegrave.dk\/?page_id=3639\">Errits\u00f8<\/a>, men m\u00e5tte tr\u00e6kke sig tilbage, da Erik 1 havde herred\u00f8mmet til s\u00f8s, og da frankerne ikke selv havde nogen fl\u00e5de. I 819 lykkedes det for <a href=\"https:\/\/kongegrave.dk\/?page_id=10979\/#ludvig den fromme\" data-type=\"page\" data-id=\"10979\">Ludvig den Fromme<\/a> at f\u00e5 genindsat Harald Klak som konge i Danmark sammen med to af Godfreds\u00f8nnerne, herunder Erik 1. Der var dog stadig stridigheder, hvor Harald blev st\u00f8ttet af Ludvig, som \u00f8nskede indflydelse i landet. Harald lod sig d\u00f8be i 826. Efter d\u00e5ben vendte Harald hjem til Danmark sammen med <a href=\"https:\/\/kongegrave.dk\/?page_id=1113\" data-type=\"page\" data-id=\"1113\">Ansgar<\/a>, som nu kom til landet for f\u00f8rste gang. Men striden med Godfreds\u00f8nnerne fortsatte, og i 827 blev han fordrevet fra landet. Han blev fortsat st\u00f8ttet af Ludvig den Fromme som havde givet ham omr\u00e5det R\u00fcstingen ved <a href=\"https:\/\/www.google.com\/maps\/@53.192973,8.22997,9.75z\">Oldenburg<\/a> som len. Ludvig \u00f8nskede at f\u00e5 indsat Harald som konge i Danmark og f\u00e5 Harald til at anerkende sin overh\u00f8jhed over landet. Han fik ogs\u00e5 Harald til at tage mission\u00e6ren <a href=\"https:\/\/kongegrave.dk\/?page_id=1113\">Ansgar<\/a> med tilbage til landet i 847.<\/p>\n\n\n\n<h2 class=\"wp-block-heading\" id=\"ingelheim\">Ingelheim<\/h2>\n\n\n\n<p>I 826 blev Harald d\u00f8bt i n\u00e6rheden af paladset i <a href=\"https:\/\/www.google.com\/maps\/@49.9774144,8.071482,97m\/data=!3m1!1e3\">Ingelheim<\/a> af Ludvig den Fromme.<\/p>\n\n\n\n<figure class=\"wp-block-image is-resized\"><a href=\"https:\/\/commons.wikimedia.org\/wiki\/File:Kung_Harald_Klak_kommer_till_Kejsaren_Ludvig_%C3%A5r_826._Isaac_Isacsz._M%C3%A5leri._Historiebild_-_Skoklosters_slott_-_85995.tif\"><img decoding=\"async\" src=\"https:\/\/upload.wikimedia.org\/wikipedia\/commons\/thumb\/2\/28\/Kung_Harald_Klak_kommer_till_Kejsaren_Ludvig_%C3%A5r_826._Isaac_Isacsz._M%C3%A5leri._Historiebild_-_Skoklosters_slott_-_85995.tif\/lossy-page1-800px-Kung_Harald_Klak_kommer_till_Kejsaren_Ludvig_%C3%A5r_826._Isaac_Isacsz._M%C3%A5leri._Historiebild_-_Skoklosters_slott_-_85995.tif.jpg\" alt=\"Kung Harald Klak kommer till Kejsaren Ludvig \u00e5r 826. Isaac Isacsz. M\u00e5leri. Historiebild - Skoklosters slott - 85995\" style=\"width:688px;height:340px\"\/><\/a><figcaption class=\"wp-element-caption\">Harald Klak d\u00f8bes af Ludvig den Fromme i 826, 1640, Isaac Isaacsz, Skokloster Slot. WikiCommons. Maleriet stammer oprindelig fra Kronborg, men blev taget af den svenske general Wrangel i 1658.<\/figcaption><\/figure>\n\n\n<div class=\"wp-block-image\">\n<figure class=\"aligncenter size-large is-resized\"><img decoding=\"async\" src=\"https:\/\/upload.wikimedia.org\/wikipedia\/commons\/7\/7a\/NI-Kaiserpfalz.JPG\" alt=\"\" style=\"width:474px;height:355px\"\/><figcaption class=\"wp-element-caption\">Kaiserphalz i Ingelheim blev grundlagt af Karl den Store, hvis s\u00f8n, Ludvig den Fromme d\u00f8bte Harald Klak i 826<\/figcaption><\/figure>\n<\/div>\n\n\n<p>Harald blev d\u00f8bt i St. Albans kirke h\u00f8rende til St. Albans kloster i Mainz, beliggende 20 km fra Ingelheim. Kirken og klostret er nu fuldst\u00e6ndig nedrevet, men gaden &#8220;<a href=\"https:\/\/www.google.com\/maps\/place\/Auf+dem+Albansberg,+55131+Mainz,+Tyskland\/@49.9904445,8.2813029,125m\/data=!3m1!1e3!4m5!3m4!1s0x47bd973dfe0e7253:0xa4a6524cca70e71e!8m2!3d49.9908122!4d8.2817907\">Auf dem Albansberg<\/a>&#8221; f\u00f8lger forl\u00f8bet af klostret. Sammen med Harald blev hans hustru, <a href=\"http:\/\/kongefamilier.dk\/webtrees\/index.php?route=%2Fwebtrees%2Ftree%2Fkonger%2Fhourglass-3-0%2FX666\">Ragnhild <\/a>og hans s\u00f8n, <a href=\"http:\/\/kongefamilier.dk\/webtrees\/index.php?route=%2Fwebtrees%2Ftree%2Fkonger%2Fhourglass-3-0%2FI501207\">Godfred<\/a> ogs\u00e5 d\u00f8bt. Vi har en \u00f8jenvidneskildring af begivenheden i et langt digt forfattet af klerken, Ermoldus Nigellus. Her skildres bl.a. Haralds ankomst til Ingelheim, hvor kejseren holdt rigsm\u00f8de:<\/p>\n\n\n\n<p><em>&#8220;Her holder kejseren fromt et thing for besejrede stammer, og, som han har det for skik, ordner han riget ved lov. Se da sv\u00e6ver p\u00e5 Rhinens b\u00f8lger vel hundrede snekker, smukt er hvert eneste skib prydet med snehvide sejl. Det er den sendef\u00e6rd stolt, der kommer fra danernes stammer, Harald, der byder som drot, st\u00e5r p\u00e5 det forreste skib.&#8221;<\/em><\/p>\n\n\n\n<p>Selv om Ludvig den Fromme havde d\u00f8bt Harald Klak i 827, blev forholdet mellem de to hurtigt d\u00e5rligere, og Ludvig opgav sin st\u00f8tte til Harald. Dette bet\u00f8d, at Harald begyndte at samarbejde med Ludvigs \u00e6ldste s\u00f8n, <a href=\"http:\/\/kongefamilier.dk\/webtrees\/index.php?route=%2Fwebtrees%2Ftree%2Fkonger%2Fhourglass-2-0%2FI500940\">Lothar 1<\/a>, som sammen med sine br\u00f8dre l\u00e5 i strid med faderen. Samarbejdet resulterede i, at Lothar 1 st\u00f8ttede de vikingeangreb p\u00e5 Dorestad, som begyndte i 834 og fortsatte de f\u00f8lgende tre \u00e5r. Angrebene var organiseret af Harald Klak og resulterede i, at Harald Klaks s\u00f8n, <a href=\"http:\/\/kongefamilier.dk\/webtrees\/index.php?route=%2Fwebtrees%2Ftree%2Fkonger%2Fhourglass-2-0%2FI500048\">Godfred <\/a>og hans nev\u00f8er<a href=\"http:\/\/kongefamilier.dk\/webtrees\/index.php?route=%2Fwebtrees%2Ftree%2Fkonger%2Fhourglass-3-0%2FI500139\"> Rorik og Harald den Yngre<\/a> blev h\u00f8vdinge i byen og at Harald den Yngre fik tildelt \u00f8en <a href=\"https:\/\/www.google.com\/maps\/place\/Walcheren,+Nederlandene\/@51.500354,3.7031573,11z\/data=!4m6!3m5!1s0x47c49417bd2a071b:0xf6faafeab0a23150!8m2!3d51.52374!4d3.5758394!16zL20vMGpfZ2M?hl=da&amp;entry=ttu&amp;g_ep=EgoyMDI1MDgyNS4wIKXMDSoASAFQAw%3D%3D\">Walcheren<\/a> i len. Walcheren er i dag en hollandsk halv\u00f8. <\/p>\n\n\n\n<p>Harald Klak blev dr\u00e6bt enten af frankiske eller danske styrker ved Ejderen i 852. Han ligger m\u00e5ske begravet i <a href=\"https:\/\/kongegrave.dk\/?page_id=5705\/#b\u00e5dkammergrav\">b\u00e5dkammergraven i Hedeby<\/a><\/p>\n\n\n\n<p><\/p>\n","protected":false},"excerpt":{"rendered":"<p>Harald Klak var barnebarn af Harald Hildetand. Han blev medkonge i 812 i en alder af o. 27 \u00e5r. Efter Hemmings d\u00f8d i 812 startede et opg\u00f8r mellem to fl\u00f8je af den danske kongesl\u00e6gt. Haraldlinjen var repr\u00e6senteret af Harald Klak og hans br\u00f8dre Reginfred og Anulo. Sigfredlinjen var repr\u00e6senteret af Godfreds s\u00f8nner og af hans &hellip; <\/p>\n<p class=\"link-more\"><a href=\"https:\/\/kongegrave.dk\/?page_id=1040\" class=\"more-link\">L\u00e6s videre<span class=\"screen-reader-text\"> &#8220;Harald Klak (o.785-852)&#8221;<\/span><\/a><\/p>\n","protected":false},"author":1,"featured_media":0,"parent":0,"menu_order":0,"comment_status":"closed","ping_status":"closed","template":"","meta":{"footnotes":""},"class_list":["post-1040","page","type-page","status-publish","hentry"],"_links":{"self":[{"href":"https:\/\/kongegrave.dk\/index.php?rest_route=\/wp\/v2\/pages\/1040","targetHints":{"allow":["GET"]}}],"collection":[{"href":"https:\/\/kongegrave.dk\/index.php?rest_route=\/wp\/v2\/pages"}],"about":[{"href":"https:\/\/kongegrave.dk\/index.php?rest_route=\/wp\/v2\/types\/page"}],"author":[{"embeddable":true,"href":"https:\/\/kongegrave.dk\/index.php?rest_route=\/wp\/v2\/users\/1"}],"replies":[{"embeddable":true,"href":"https:\/\/kongegrave.dk\/index.php?rest_route=%2Fwp%2Fv2%2Fcomments&post=1040"}],"version-history":[{"count":52,"href":"https:\/\/kongegrave.dk\/index.php?rest_route=\/wp\/v2\/pages\/1040\/revisions"}],"predecessor-version":[{"id":30935,"href":"https:\/\/kongegrave.dk\/index.php?rest_route=\/wp\/v2\/pages\/1040\/revisions\/30935"}],"wp:attachment":[{"href":"https:\/\/kongegrave.dk\/index.php?rest_route=%2Fwp%2Fv2%2Fmedia&parent=1040"}],"curies":[{"name":"wp","href":"https:\/\/api.w.org\/{rel}","templated":true}]}}