{"id":171,"date":"2019-08-20T13:53:03","date_gmt":"2019-08-20T13:53:03","guid":{"rendered":"http:\/\/kongegrave.dk\/?page_id=171"},"modified":"2024-11-30T09:16:40","modified_gmt":"2024-11-30T09:16:40","slug":"gorm-knudsoen-gorm-den-gamle","status":"publish","type":"page","link":"https:\/\/kongegrave.dk\/?page_id=171","title":{"rendered":"Gorm den Gamle (o.893- 964)"},"content":{"rendered":"\n<figure class=\"wp-block-table\"><table><tbody><tr><td><strong>Hardeknud<br>(o.867 &#8211; ?)<\/strong><\/td><td>=&gt;<\/td><td><strong>Gorm den Gamle<br>(o.893 &#8211; 964)<\/strong><\/td><\/tr><\/tbody><\/table><figcaption class=\"wp-element-caption\">Dynastisk forbindelse til Jelling-dynastiet<\/figcaption><\/figure>\n\n\n<div class=\"wp-block-image\">\n<figure class=\"aligncenter size-large is-resized\"><img decoding=\"async\" src=\"https:\/\/upload.wikimedia.org\/wikipedia\/commons\/c\/c2\/Gorm_den_Gamle_af_Albert_Haelwegh.jpg\" alt=\"\" style=\"width:273px;height:396px\"\/><figcaption class=\"wp-element-caption\">Ingen ved, hvordan Gorm den Gamle s\u00e5 ud, men her ses han i en illustration fra 1646. WikiCommons<\/figcaption><\/figure>\n<\/div>\n\n\n<p>L\u00e6s mere om Gorm her: <a href=\"https:\/\/kongegrave.dk\/?page_id=28569\" data-type=\"page\" data-id=\"28569\">Kilder til 900-tallets historie<\/a><\/p>\n\n\n\n<p><a href=\"http:\/\/kongefamilier.dk\/webtrees\/index.php?route=%2Fwebtrees%2Ftree%2Fkonger%2Fhourglass-3-0%2FI500003\">Gorm<\/a> var sammen med br\u00f8drene <a href=\"https:\/\/kongegrave.dk\/?page_id=1068\" data-type=\"page\" data-id=\"1068\">Knud \/ Knop<\/a> og <a href=\"https:\/\/kongegrave.dk\/?page_id=23546\" data-type=\"page\" data-id=\"23546\">Harald<\/a> s\u00f8nner af<a href=\"https:\/\/kongegrave.dk\/?page_id=1083\" data-type=\"page\" data-id=\"1083\"> Hardeknud \/ Knud den H\u00f8je<\/a>. Hardeknud var dansk vikingeh\u00f8vding i England og en overgang konge i York omkring \u00e5r 900. Knud  overtog magten i Jylland fra <a href=\"https:\/\/kongegrave.dk\/?page_id=1061\" data-type=\"page\" data-id=\"1061\">Olaf af Sverige<\/a> i starten af 900-tallet. I starten af 930&#8217;erne var situationen den, at Knud var konge med sin s\u00f8n <a href=\"https:\/\/kongegrave.dk\/?page_id=1068\" data-type=\"page\" data-id=\"1068\">Sigtryg<\/a> og sin bror Gorm som underkonger, hvorimod Harald var konge p\u00e5 Fyn. Gorm blev udsendt til Kyiv-riget, hvor han m\u00f8dte den byzantinske prinsesse, <a href=\"https:\/\/kongegrave.dk\/?page_id=143\" data-type=\"page\" data-id=\"143\">Theofani<\/a>, som var datter af kejser <a href=\"https:\/\/kongegrave.dk\/?page_id=11272\/#christopher lekapenos\" data-type=\"page\" data-id=\"11272\">Christopher Lekapenos<\/a>, og forelskede sig i hende. Han bortf\u00f8rte hende til Danmark, hvor han giftede sig med hende og gav hende navnet Thiri (Thyra Danebod). Parret fik mindst tre b\u00f8rn: <a href=\"https:\/\/kongegrave.dk\/?page_id=238\" data-type=\"page\" data-id=\"238\">Knud Dana-Ast<\/a>, <a href=\"https:\/\/kongegrave.dk\/?page_id=224\" data-type=\"page\" data-id=\"224\">Harald Bl\u00e5tand<\/a> og <a href=\"https:\/\/kongegrave.dk\/?page_id=10460\/#gunhild kongemor\" data-type=\"page\" data-id=\"10460\">Gunhild<\/a>. Endvidere fik Gorm s\u00f8nnen <a href=\"https:\/\/kongegrave.dk\/?page_id=668\" data-type=\"page\" data-id=\"668\">Toke<\/a> med en anden kvinde.<\/p>\n\n\n\n<p>Der var fra starten sp\u00e6ndinger i forhold til <a href=\"https:\/\/kongegrave.dk\/?page_id=6007\" data-type=\"page\" data-id=\"6007\">Det tyske-romerske Rige<\/a> ledet af <a href=\"https:\/\/kongegrave.dk\/?page_id=10979\/#henrik 1\">Henrik 1<\/a> og hans s\u00f8n, <a href=\"https:\/\/kongegrave.dk\/?page_id=10979\/#otto 1\">Otto 1.<\/a> I 934 havde Henrik 1 tvunget Knud, til at anerkende den tyske overh\u00f8jhed. Der var ogs\u00e5 fortsat kampe indenfor kongesl\u00e6gten, mellem Gorm og Knud p\u00e5 den ene side og Harald p\u00e5 den anden side. I 937 fik Gorm hj\u00e6lp af Herman Billung af Sachsen mod at han sendte sine to s\u00f8nner, <a href=\"https:\/\/kongegrave.dk\/?page_id=238\" data-type=\"page\" data-id=\"238\">Knud<\/a> (Dana-Ast) og <a href=\"https:\/\/kongegrave.dk\/?page_id=224\" data-type=\"page\" data-id=\"224\">Harald<\/a> (Bl\u00e5tand) til Hamborgbispen, Adaldag, hvor de blev d\u00f8bt.<\/p>\n\n\n\n<p>I 943 fordrev Gorm Harald, fra Fyn, og i 948 gav han Adaldag, tilladelse til at oprette tre bisped\u00f8mmer i Danmark, nemlig i <a href=\"https:\/\/kongegrave.dk\/?page_id=1596\" data-type=\"page\" data-id=\"1596\">Slesvig<\/a> (Hedeby), <a href=\"#ribe\">Ribe<\/a> og <a href=\"#\/arhus\">Aarhus<\/a>. Dermed opfyldte han et l\u00f8fte, som hans afd\u00f8de bror Knud havde givet til Henrik 1, som i 934 havde hjulpet Knud med at h\u00e6vne drabet p\u00e5 s\u00f8nnen <a href=\"https:\/\/kongegrave.dk\/?page_id=1068\" data-type=\"page\" data-id=\"1068\">Sigtryd<\/a>.<\/p>\n\n\n\n<p>Gorm valgte <a href=\"https:\/\/kongegrave.dk\/?page_id=180\" data-type=\"page\" data-id=\"180\">Jelling<\/a> som regeringsby eller m\u00e5ske stedet, hvor hans sl\u00e6gt skulle mindes monumentalt . Jelling ligger t\u00e6t p\u00e5 H\u00e6rvejen og midt mellem vikingebyerne <a href=\"#ribe\">Ribe<\/a>, og  <a href=\"#aarhus\">Aros<\/a>. Stedet ligger lidt inde i landet og er dermed bedre beskyttet end f.eks. kongsg\u00e5rden ved<a href=\"https:\/\/kongegrave.dk\/?page_id=3639\" data-type=\"page\" data-id=\"3639\"> Errits\u00f8<\/a>. Beliggenheden antyder ogs\u00e5, at Gorm satsede mere p\u00e5 en landbaseret h\u00e6r end en fl\u00e5de i lys af, at nu var hovedmodstanderen Det tysk-romerske Rige. <\/p>\n\n\n\n<p><\/p>\n\n\n\n<figure class=\"wp-block-image size-large\"><img loading=\"lazy\" decoding=\"async\" width=\"1024\" height=\"202\" src=\"https:\/\/kongegrave.dk\/wp-content\/uploads\/2020\/11\/jelling-model-1024x202.jpg\" alt=\"\" class=\"wp-image-13301\" srcset=\"https:\/\/kongegrave.dk\/wp-content\/uploads\/2020\/11\/jelling-model-1024x202.jpg 1024w, https:\/\/kongegrave.dk\/wp-content\/uploads\/2020\/11\/jelling-model-300x59.jpg 300w, https:\/\/kongegrave.dk\/wp-content\/uploads\/2020\/11\/jelling-model-768x152.jpg 768w, https:\/\/kongegrave.dk\/wp-content\/uploads\/2020\/11\/jelling-model-1536x303.jpg 1536w, https:\/\/kongegrave.dk\/wp-content\/uploads\/2020\/11\/jelling-model-2048x404.jpg 2048w\" sizes=\"auto, (max-width: 767px) 89vw, (max-width: 1000px) 54vw, (max-width: 1071px) 543px, 580px\" \/><figcaption class=\"wp-element-caption\">Model af Gorms skibss\u00e6tning i Jelling med Nordh\u00f8jen i centrum. Monumentet rejste han for sin afd\u00f8de dronning Thyra. Mans ser ogs\u00e5 Sydh\u00f8jen (rejst af Harald Bl\u00e5tand)  og kirken (bygget ved Knud Dana-Ast&#8217;s grav).<\/figcaption><\/figure>\n\n\n<div class=\"wp-block-image\">\n<figure class=\"aligncenter size-large is-resized\"><img loading=\"lazy\" decoding=\"async\" width=\"1024\" height=\"768\" src=\"https:\/\/kongegrave.dk\/wp-content\/uploads\/2020\/11\/jelling-skibssaetning-1-1024x768.jpg\" alt=\"\" class=\"wp-image-13303\" style=\"width:456px;height:341px\" srcset=\"https:\/\/kongegrave.dk\/wp-content\/uploads\/2020\/11\/jelling-skibssaetning-1-1024x768.jpg 1024w, https:\/\/kongegrave.dk\/wp-content\/uploads\/2020\/11\/jelling-skibssaetning-1-300x225.jpg 300w, https:\/\/kongegrave.dk\/wp-content\/uploads\/2020\/11\/jelling-skibssaetning-1-768x576.jpg 768w, https:\/\/kongegrave.dk\/wp-content\/uploads\/2020\/11\/jelling-skibssaetning-1-1536x1152.jpg 1536w, https:\/\/kongegrave.dk\/wp-content\/uploads\/2020\/11\/jelling-skibssaetning-1-2048x1536.jpg 2048w\" sizes=\"auto, (max-width: 767px) 89vw, (max-width: 1000px) 54vw, (max-width: 1071px) 543px, 580px\" \/><figcaption class=\"wp-element-caption\">Markering af nordst\u00e6vnen af skibss\u00e6tningen i Jelling<\/figcaption><\/figure>\n<\/div>\n\n\n<p><c id=\"sk\u00e6rmklint\">G<\/c>orms navn er ogs\u00e5 knyttet til lokaliteten, <a href=\"https:\/\/kongegrave.dk\/?page_id=14075\/#vermund%20og%20uffe\">Sk\u00e6rmklint<\/a>, vest for Jelling, som skulle have udgjort en skanse for Gorms h\u00e6r.<\/p>\n\n\n\n<h2 class=\"wp-block-heading\" id=\"aarhus\">Aarhus<\/h2>\n\n\n\n<p>Aarhus optr\u00e6der i skriftlige kilder i 900 tallet men kan ark\u00e6ologisk dateres til 700 tallet. Gorm bef\u00e6stede byen i sin regeringstid med en vold dateret til o. 934. Den blev forst\u00e6rket under Harald Bl\u00e5tand i 957. <\/p>\n\n\n\n<figure class=\"wp-block-gallery has-nested-images columns-default is-cropped wp-block-gallery-1 is-layout-flex wp-block-gallery-is-layout-flex\">\n<figure class=\"wp-block-image size-large\"><img loading=\"lazy\" decoding=\"async\" width=\"1024\" height=\"706\" data-id=\"9027\" src=\"https:\/\/kongegrave.dk\/wp-content\/uploads\/2020\/08\/aarhus-volden-1024x706.jpg\" alt=\"\" class=\"wp-image-9027\" srcset=\"https:\/\/kongegrave.dk\/wp-content\/uploads\/2020\/08\/aarhus-volden-1024x706.jpg 1024w, https:\/\/kongegrave.dk\/wp-content\/uploads\/2020\/08\/aarhus-volden-300x207.jpg 300w, https:\/\/kongegrave.dk\/wp-content\/uploads\/2020\/08\/aarhus-volden-768x530.jpg 768w, https:\/\/kongegrave.dk\/wp-content\/uploads\/2020\/08\/aarhus-volden-1536x1060.jpg 1536w, https:\/\/kongegrave.dk\/wp-content\/uploads\/2020\/08\/aarhus-volden-2048x1413.jpg 2048w\" sizes=\"auto, (max-width: 767px) 89vw, (max-width: 1000px) 54vw, (max-width: 1071px) 543px, 580px\" \/><\/figure>\n\n\n\n<figure class=\"wp-block-image size-large\"><img loading=\"lazy\" decoding=\"async\" width=\"1004\" height=\"1024\" data-id=\"9028\" src=\"https:\/\/kongegrave.dk\/wp-content\/uploads\/2020\/08\/aarhus-graven-1004x1024.jpg\" alt=\"\" class=\"wp-image-9028\" srcset=\"https:\/\/kongegrave.dk\/wp-content\/uploads\/2020\/08\/aarhus-graven-1004x1024.jpg 1004w, https:\/\/kongegrave.dk\/wp-content\/uploads\/2020\/08\/aarhus-graven-294x300.jpg 294w, https:\/\/kongegrave.dk\/wp-content\/uploads\/2020\/08\/aarhus-graven-768x784.jpg 768w, https:\/\/kongegrave.dk\/wp-content\/uploads\/2020\/08\/aarhus-graven-1506x1536.jpg 1506w, https:\/\/kongegrave.dk\/wp-content\/uploads\/2020\/08\/aarhus-graven-2007x2048.jpg 2007w\" sizes=\"auto, (max-width: 767px) 89vw, (max-width: 1000px) 54vw, (max-width: 1071px) 543px, 580px\" \/><\/figure>\n<figcaption class=\"blocks-gallery-caption wp-element-caption\">Gadenavnene i Aarhus har r\u00f8dder tilbage til Gorm den Gamles bef\u00e6stning af byen i f\u00f8rste halvdel af 900-tallet. Volden forl\u00f8ber nord-syd og gennemsk\u00e6rer den gamle vold. Graven forl\u00f8ber \u00f8st-vest og ligger uden for volden (voldgraven)<\/figcaption><\/figure>\n\n\n<div class=\"wp-block-image\">\n<figure class=\"aligncenter size-large is-resized\"><img loading=\"lazy\" decoding=\"async\" width=\"1024\" height=\"909\" src=\"https:\/\/kongegrave.dk\/wp-content\/uploads\/2020\/08\/aarhus-vold-2-1024x909.jpg\" alt=\"\" class=\"wp-image-9031\" style=\"width:476px;height:422px\" srcset=\"https:\/\/kongegrave.dk\/wp-content\/uploads\/2020\/08\/aarhus-vold-2-1024x909.jpg 1024w, https:\/\/kongegrave.dk\/wp-content\/uploads\/2020\/08\/aarhus-vold-2-300x266.jpg 300w, https:\/\/kongegrave.dk\/wp-content\/uploads\/2020\/08\/aarhus-vold-2-768x681.jpg 768w, https:\/\/kongegrave.dk\/wp-content\/uploads\/2020\/08\/aarhus-vold-2-1536x1363.jpg 1536w, https:\/\/kongegrave.dk\/wp-content\/uploads\/2020\/08\/aarhus-vold-2-2048x1817.jpg 2048w\" sizes=\"auto, (max-width: 767px) 89vw, (max-width: 1000px) 54vw, (max-width: 1071px) 543px, 580px\" \/><figcaption class=\"wp-element-caption\">Volden om vikingetidens Aarhus. I midten af byen ses en skibss\u00e6tning under den nuv\u00e6rende domkirke. Det var byens begravelsesplads og helligsted.<\/figcaption><\/figure>\n<\/div>\n\n\n<figure class=\"wp-block-image size-large\"><img loading=\"lazy\" decoding=\"async\" width=\"1024\" height=\"716\" src=\"https:\/\/kongegrave.dk\/wp-content\/uploads\/2022\/01\/Beslag-til-drikkehorn-2022-01-20-15.32.32-1024x716.jpg\" alt=\"\" class=\"wp-image-20777\" srcset=\"https:\/\/kongegrave.dk\/wp-content\/uploads\/2022\/01\/Beslag-til-drikkehorn-2022-01-20-15.32.32-1024x716.jpg 1024w, https:\/\/kongegrave.dk\/wp-content\/uploads\/2022\/01\/Beslag-til-drikkehorn-2022-01-20-15.32.32-300x210.jpg 300w, https:\/\/kongegrave.dk\/wp-content\/uploads\/2022\/01\/Beslag-til-drikkehorn-2022-01-20-15.32.32-768x537.jpg 768w, https:\/\/kongegrave.dk\/wp-content\/uploads\/2022\/01\/Beslag-til-drikkehorn-2022-01-20-15.32.32-1536x1074.jpg 1536w, https:\/\/kongegrave.dk\/wp-content\/uploads\/2022\/01\/Beslag-til-drikkehorn-2022-01-20-15.32.32-2048x1432.jpg 2048w\" sizes=\"auto, (max-width: 767px) 89vw, (max-width: 1000px) 54vw, (max-width: 1071px) 543px, 580px\" \/><figcaption class=\"wp-element-caption\">Beslag til drikkehorn fra f\u00f8rste halvdel af 1000-tallet fra Aarhus. Nationalmuseet<\/figcaption><\/figure>\n\n\n\n<figure class=\"wp-block-image size-large\"><img loading=\"lazy\" decoding=\"async\" width=\"1024\" height=\"708\" src=\"https:\/\/kongegrave.dk\/wp-content\/uploads\/2020\/12\/aarhus-plankevej-1024x708.jpg\" alt=\"\" class=\"wp-image-14633\" srcset=\"https:\/\/kongegrave.dk\/wp-content\/uploads\/2020\/12\/aarhus-plankevej-1024x708.jpg 1024w, https:\/\/kongegrave.dk\/wp-content\/uploads\/2020\/12\/aarhus-plankevej-300x207.jpg 300w, https:\/\/kongegrave.dk\/wp-content\/uploads\/2020\/12\/aarhus-plankevej-768x531.jpg 768w, https:\/\/kongegrave.dk\/wp-content\/uploads\/2020\/12\/aarhus-plankevej-1536x1062.jpg 1536w, https:\/\/kongegrave.dk\/wp-content\/uploads\/2020\/12\/aarhus-plankevej-2048x1416.jpg 2048w\" sizes=\"auto, (max-width: 767px) 89vw, (max-width: 1000px) 54vw, (max-width: 1071px) 543px, 580px\" \/><figcaption class=\"wp-element-caption\">Langs indersiden af volden blev der anlagt en vej af planker. Her ses et stykke, som er udgravet under en bygning ved Bispetorvet (<a href=\"https:\/\/www.google.com\/maps\/@56.1548555,10.2110632,320a,35y,330.7h,31.84t\/data=!3m1!1e3\">Vikingemuseet<\/a>)<\/figcaption><\/figure>\n\n\n\n<p> Aarhus blev stiftsby i 948 med Reginbrand som f\u00f8rste biskop.  Den f\u00f8rste kirke blev bygget udenfor volden. Kirken blev senere til <a href=\"https:\/\/kongegrave.dk\/?page_id=8595\" data-type=\"page\" data-id=\"8595\">Vor Frue Kirke<\/a>. <\/p>\n\n\n\n<h2 class=\"wp-block-heading\" id=\"ribe\">Ribe<\/h2>\n\n\n\n<p><a href=\"https:\/\/kongegrave.dk\/?page_id=1048\/#ribe\">Ribe<\/a> havde v\u00e6ret en by med handelsplads siden 700 tallet. I Gorms regeringstid blev bef\u00e6stningen af Ribe i form af en halvcirkul\u00e6r vold forst\u00e6rket.<\/p>\n\n\n\n<figure class=\"wp-block-image size-full\"><img loading=\"lazy\" decoding=\"async\" width=\"674\" height=\"418\" src=\"https:\/\/kongegrave.dk\/wp-content\/uploads\/2022\/02\/Ribe-i-Vikingetid.jpg\" alt=\"\" class=\"wp-image-21000\" srcset=\"https:\/\/kongegrave.dk\/wp-content\/uploads\/2022\/02\/Ribe-i-Vikingetid.jpg 674w, https:\/\/kongegrave.dk\/wp-content\/uploads\/2022\/02\/Ribe-i-Vikingetid-300x186.jpg 300w\" sizes=\"auto, (max-width: 674px) 100vw, 674px\" \/><figcaption class=\"wp-element-caption\">P\u00e5 kortet ses den halvcirkul\u00e6re vold fra kong Gorms tid. Kilde: <a href=\"https:\/\/trap.lex.dk\/Ribes_historie\">https:\/\/trap.lex.dk\/Ribes_historie<\/a><\/figcaption><\/figure>\n\n\n\n<p>Ribe blev stiftsby i 948 med Liafdag som f\u00f8rste biskop. Byen havde allered da en 100 \u00e5r gammel kirke fra Ansgars tid. Den blev bygget uden for vikingebyen formentlig der, hvor den nuv\u00e6rende <a href=\"https:\/\/kongegrave.dk\/?page_id=1554\" data-type=\"page\" data-id=\"1554\">domkirke<\/a> ligger.<\/p>\n\n\n\n<p>I slutningen af sin regeringstid blev Gorm ramt af personlige tragedier. Omkring 957 d\u00f8de hans hustru, Thyra og i 962 d\u00f8de hans \u00e6ldste s\u00f8n, Knud Dana-Ast. Disse begivenheder bevirkede, at Gorm fik en depression (mistede sin styrke if\u00f8lge Gesta Wulinensis). Han forlod kristendommen og gik til bage til Asa-troen. Thyra, som f\u00f8rst havde f\u00e5et en kristen begravelse, blev nu genbegravet i en kammergrav, hvorover Gorm rejste den gravh\u00f8j, som i dag b\u00e6rer navnet Thyras H\u00f8j (Nordh\u00f8jen). Knuds jordiske rester, som bestod af knogler hjemf\u00f8rt fra Irland, blev begravet i en kammergrav syd for Thyras h\u00f8j. Herover rejste Gorm ogs\u00e5 en gravh\u00f8j, som dog senere blev sl\u00f8jfet og erstattet med en kirke.  I 964 genvandt Gorm sin styrke, men savnet af s\u00f8nnen og hustruen var s\u00e5 stort, at han begik selvmord. Det foregik ved, at sejlede bort p\u00e5 et skib, hvorefter viden om ham forsvandt if\u00f8lge \u00f8jenvidnet, pr\u00e6sten Avico. <\/p>\n\n\n\n<ul class=\"wp-block-list\">\n<li><strong>Markante personligheder p\u00e5 Gorm den Gamles tid<\/strong><\/li>\n\n\n\n<li><a href=\"https:\/\/kongegrave.dk\/?page_id=238\" data-type=\"page\" data-id=\"238\">Knud Dana-Ast<\/a> (o.918-o.962)<\/li>\n\n\n\n<li><a href=\"https:\/\/kongegrave.dk\/?page_id=23546\" data-type=\"page\" data-id=\"23546\">Harald Hardeknuds\u00f8n<\/a> (?)<\/li>\n<\/ul>\n\n\n\n<p>Gorm den Gamle d\u00f8de i 964 i en alder af omkring 70 \u00e5r. Hans begravelsessted kendes ikke. <\/p>\n","protected":false},"excerpt":{"rendered":"<p>Hardeknud(o.867 &#8211; ?) =&gt; Gorm den Gamle(o.893 &#8211; 964) Dynastisk forbindelse til Jelling-dynastiet L\u00e6s mere om Gorm her: Kilder til 900-tallets historie Gorm var sammen med br\u00f8drene Knud \/ Knop og Harald s\u00f8nner af Hardeknud \/ Knud den H\u00f8je. Hardeknud var dansk vikingeh\u00f8vding i England og en overgang konge i York omkring \u00e5r 900. Knud &hellip; <\/p>\n<p class=\"link-more\"><a href=\"https:\/\/kongegrave.dk\/?page_id=171\" class=\"more-link\">L\u00e6s videre<span class=\"screen-reader-text\"> &#8220;Gorm den Gamle (o.893- 964)&#8221;<\/span><\/a><\/p>\n","protected":false},"author":1,"featured_media":0,"parent":0,"menu_order":0,"comment_status":"closed","ping_status":"closed","template":"","meta":{"footnotes":""},"class_list":["post-171","page","type-page","status-publish","hentry"],"_links":{"self":[{"href":"https:\/\/kongegrave.dk\/index.php?rest_route=\/wp\/v2\/pages\/171","targetHints":{"allow":["GET"]}}],"collection":[{"href":"https:\/\/kongegrave.dk\/index.php?rest_route=\/wp\/v2\/pages"}],"about":[{"href":"https:\/\/kongegrave.dk\/index.php?rest_route=\/wp\/v2\/types\/page"}],"author":[{"embeddable":true,"href":"https:\/\/kongegrave.dk\/index.php?rest_route=\/wp\/v2\/users\/1"}],"replies":[{"embeddable":true,"href":"https:\/\/kongegrave.dk\/index.php?rest_route=%2Fwp%2Fv2%2Fcomments&post=171"}],"version-history":[{"count":142,"href":"https:\/\/kongegrave.dk\/index.php?rest_route=\/wp\/v2\/pages\/171\/revisions"}],"predecessor-version":[{"id":29927,"href":"https:\/\/kongegrave.dk\/index.php?rest_route=\/wp\/v2\/pages\/171\/revisions\/29927"}],"wp:attachment":[{"href":"https:\/\/kongegrave.dk\/index.php?rest_route=%2Fwp%2Fv2%2Fmedia&parent=171"}],"curies":[{"name":"wp","href":"https:\/\/api.w.org\/{rel}","templated":true}]}}