{"id":6756,"date":"2020-06-14T11:42:17","date_gmt":"2020-06-14T11:42:17","guid":{"rendered":"https:\/\/kongegrave.dk\/?page_id=6756"},"modified":"2025-07-07T07:54:51","modified_gmt":"2025-07-07T07:54:51","slug":"holger-danske","status":"publish","type":"page","link":"https:\/\/kongegrave.dk\/?page_id=6756","title":{"rendered":"Holger Danske (o.760 &#8211; ?)"},"content":{"rendered":"\n<figure class=\"wp-block-image size-full\"><img loading=\"lazy\" decoding=\"async\" width=\"428\" height=\"352\" src=\"https:\/\/kongegrave.dk\/wp-content\/uploads\/2025\/02\/image-14.png\" alt=\"\" class=\"wp-image-30288\" srcset=\"https:\/\/kongegrave.dk\/wp-content\/uploads\/2025\/02\/image-14.png 428w, https:\/\/kongegrave.dk\/wp-content\/uploads\/2025\/02\/image-14-300x247.png 300w\" sizes=\"auto, (max-width: 428px) 100vw, 428px\" \/><\/figure>\n\n\n\n<p>If\u00f8lge Peter Lav\u00e6tz: Af kongelig Byrd er <a href=\"http:\/\/kongefamilier.dk\/webtrees\/index.php?route=%2Fwebtrees%2Ftree%2Fkonger%2Fhourglass-3-0%2FX652\">Holger Danske<\/a>, som nok i virkeligheden hed Helge,  s\u00f8n af <a href=\"https:\/\/kongegrave.dk\/?page_id=9489\" data-type=\"page\" data-id=\"9489\">Harald Hildetand<\/a>. Holger Danske optr\u00e6der i Rolandskvadet (digtet o. 1060), som skildrer <a href=\"https:\/\/kongegrave.dk\/?page_id=6735\">Karl den Stores<\/a> kampe mod Saracenerne i Spanien 777-778. Han optr\u00e6der ogs\u00e5 i digtet, La chevalerie d&#8217;Orgier de Danemarche (digtet o. 1200). I Kronborgs kasematter st\u00e5r en gibsstatue af en sovende Holger Danske, hvor sagnet siger, at n\u00e5r Danmark kommer i n\u00f8d, v\u00e5gner k\u00e6mpen op til d\u00e5d. Den famili\u00e6re tilknytning til de danske kongesl\u00e6gter er uklar.<\/p>\n\n\n\n<div class=\"wp-block-columns is-layout-flex wp-container-core-columns-is-layout-9d6595d7 wp-block-columns-is-layout-flex\">\n<div class=\"wp-block-column is-layout-flow wp-block-column-is-layout-flow\">\n<figure class=\"wp-block-image size-large\"><img loading=\"lazy\" decoding=\"async\" width=\"769\" height=\"1024\" src=\"https:\/\/kongegrave.dk\/wp-content\/uploads\/2025\/07\/2025-07-01-14.30.02-769x1024.jpg\" alt=\"\" class=\"wp-image-30711\" srcset=\"https:\/\/kongegrave.dk\/wp-content\/uploads\/2025\/07\/2025-07-01-14.30.02-769x1024.jpg 769w, https:\/\/kongegrave.dk\/wp-content\/uploads\/2025\/07\/2025-07-01-14.30.02-225x300.jpg 225w, https:\/\/kongegrave.dk\/wp-content\/uploads\/2025\/07\/2025-07-01-14.30.02-768x1023.jpg 768w, https:\/\/kongegrave.dk\/wp-content\/uploads\/2025\/07\/2025-07-01-14.30.02-1153x1536.jpg 1153w, https:\/\/kongegrave.dk\/wp-content\/uploads\/2025\/07\/2025-07-01-14.30.02-1538x2048.jpg 1538w, https:\/\/kongegrave.dk\/wp-content\/uploads\/2025\/07\/2025-07-01-14.30.02-scaled.jpg 1922w\" sizes=\"auto, (max-width: 767px) 89vw, (max-width: 1000px) 54vw, (max-width: 1071px) 543px, 580px\" \/><figcaption class=\"wp-element-caption\">Bronzesstatue af Holger Danske udf\u00f8rt af H.P. Pedersen-Dan i 1907. Statuen har st\u00e5et ved Hotel Marienlyst i Helsing\u00f8r men er nu flyttet til Skjern, hvor den har f\u00e5et sin egen plads, Holger Danskes Plads.<\/figcaption><\/figure>\n<\/div>\n\n\n\n<div class=\"wp-block-column is-layout-flow wp-block-column-is-layout-flow\"><div class=\"wp-block-image is-resized\">\n<figure class=\"aligncenter size-large\"><img loading=\"lazy\" decoding=\"async\" width=\"834\" height=\"1024\" src=\"https:\/\/kongegrave.dk\/wp-content\/uploads\/2020\/06\/Holger-Danske-834x1024.jpg\" alt=\"\" class=\"wp-image-7016\" srcset=\"https:\/\/kongegrave.dk\/wp-content\/uploads\/2020\/06\/Holger-Danske-834x1024.jpg 834w, https:\/\/kongegrave.dk\/wp-content\/uploads\/2020\/06\/Holger-Danske-244x300.jpg 244w, https:\/\/kongegrave.dk\/wp-content\/uploads\/2020\/06\/Holger-Danske-768x943.jpg 768w, https:\/\/kongegrave.dk\/wp-content\/uploads\/2020\/06\/Holger-Danske-1250x1536.jpg 1250w, https:\/\/kongegrave.dk\/wp-content\/uploads\/2020\/06\/Holger-Danske-1667x2048.jpg 1667w\" sizes=\"auto, (max-width: 767px) 89vw, (max-width: 1000px) 54vw, (max-width: 1071px) 543px, 580px\" \/><figcaption class=\"wp-element-caption\">Kopi af gibs-originalen til bronzestatuen., Den er opsat i Kronborgs kasematter. <\/figcaption><\/figure>\n<\/div><\/div>\n<\/div>\n\n\n\n<p>I S<a href=\"https:\/\/www.google.com\/maps\/@55.9091924,12.1518372,162m\/data=!3m1!1e3\">k\u00e6vinge Kirke<\/a> findes et kalkmaleri af Holger Danske.<\/p>\n\n\n<div class=\"wp-block-image\">\n<figure class=\"aligncenter size-large is-resized\"><img loading=\"lazy\" decoding=\"async\" width=\"1024\" height=\"799\" src=\"https:\/\/kongegrave.dk\/wp-content\/uploads\/2020\/07\/sk\u00e6vinge-kirke-1024x799.jpg\" alt=\"\" class=\"wp-image-8284\" style=\"width:372px;height:289px\" srcset=\"https:\/\/kongegrave.dk\/wp-content\/uploads\/2020\/07\/sk\u00e6vinge-kirke-1024x799.jpg 1024w, https:\/\/kongegrave.dk\/wp-content\/uploads\/2020\/07\/sk\u00e6vinge-kirke-300x234.jpg 300w, https:\/\/kongegrave.dk\/wp-content\/uploads\/2020\/07\/sk\u00e6vinge-kirke-768x599.jpg 768w, https:\/\/kongegrave.dk\/wp-content\/uploads\/2020\/07\/sk\u00e6vinge-kirke-1536x1199.jpg 1536w, https:\/\/kongegrave.dk\/wp-content\/uploads\/2020\/07\/sk\u00e6vinge-kirke-2048x1598.jpg 2048w\" sizes=\"auto, (max-width: 767px) 89vw, (max-width: 1000px) 54vw, (max-width: 1071px) 543px, 580px\" \/><figcaption class=\"wp-element-caption\">Sk\u00e6vinge Kirke<\/figcaption><\/figure>\n<\/div>\n\n\n<div class=\"wp-block-columns is-layout-flex wp-container-core-columns-is-layout-9d6595d7 wp-block-columns-is-layout-flex\">\n<div class=\"wp-block-column is-layout-flow wp-block-column-is-layout-flow\">\n<figure class=\"wp-block-image size-large\"><img loading=\"lazy\" decoding=\"async\" width=\"595\" height=\"1024\" src=\"https:\/\/kongegrave.dk\/wp-content\/uploads\/2020\/07\/Holger-Danske-sk\u00e6vinge-595x1024.jpg\" alt=\"\" class=\"wp-image-8119\" srcset=\"https:\/\/kongegrave.dk\/wp-content\/uploads\/2020\/07\/Holger-Danske-sk\u00e6vinge-595x1024.jpg 595w, https:\/\/kongegrave.dk\/wp-content\/uploads\/2020\/07\/Holger-Danske-sk\u00e6vinge-174x300.jpg 174w, https:\/\/kongegrave.dk\/wp-content\/uploads\/2020\/07\/Holger-Danske-sk\u00e6vinge-768x1322.jpg 768w, https:\/\/kongegrave.dk\/wp-content\/uploads\/2020\/07\/Holger-Danske-sk\u00e6vinge-892x1536.jpg 892w, https:\/\/kongegrave.dk\/wp-content\/uploads\/2020\/07\/Holger-Danske-sk\u00e6vinge-1190x2048.jpg 1190w, https:\/\/kongegrave.dk\/wp-content\/uploads\/2020\/07\/Holger-Danske-sk\u00e6vinge-scaled.jpg 1487w\" sizes=\"auto, (max-width: 595px) 100vw, 595px\" \/><figcaption class=\"wp-element-caption\">Holger Danske malet o. 1550. I 1534 havde Christiern Pedersen udgivet en dansk overs\u00e6ttelse af La chevalerie d&#8217;Orgier de Danemarche, hvilket kan forklare interessen for personen.<\/figcaption><\/figure>\n<\/div>\n\n\n\n<div class=\"wp-block-column is-layout-flow wp-block-column-is-layout-flow\">\n<div style=\"height:61px\" aria-hidden=\"true\" class=\"wp-block-spacer\"><\/div>\n\n\n<div class=\"wp-block-image\">\n<figure class=\"aligncenter size-large is-resized\"><img loading=\"lazy\" decoding=\"async\" width=\"738\" height=\"1024\" src=\"https:\/\/kongegrave.dk\/wp-content\/uploads\/2020\/07\/sk\u00e6vinge-kirke-goliath-738x1024.jpg\" alt=\"\" class=\"wp-image-8283\" style=\"width:301px;height:417px\" srcset=\"https:\/\/kongegrave.dk\/wp-content\/uploads\/2020\/07\/sk\u00e6vinge-kirke-goliath-738x1024.jpg 738w, https:\/\/kongegrave.dk\/wp-content\/uploads\/2020\/07\/sk\u00e6vinge-kirke-goliath-216x300.jpg 216w, https:\/\/kongegrave.dk\/wp-content\/uploads\/2020\/07\/sk\u00e6vinge-kirke-goliath-768x1065.jpg 768w, https:\/\/kongegrave.dk\/wp-content\/uploads\/2020\/07\/sk\u00e6vinge-kirke-goliath-1107x1536.jpg 1107w, https:\/\/kongegrave.dk\/wp-content\/uploads\/2020\/07\/sk\u00e6vinge-kirke-goliath-1477x2048.jpg 1477w, https:\/\/kongegrave.dk\/wp-content\/uploads\/2020\/07\/sk\u00e6vinge-kirke-goliath.jpg 1522w\" sizes=\"auto, (max-width: 738px) 100vw, 738px\" \/><figcaption class=\"wp-element-caption\">Ved siden af Holger Danske findes bibelske motiver, her Goliath<\/figcaption><\/figure>\n<\/div><\/div>\n<\/div>\n\n\n\n<h2 class=\"wp-block-heading\">Spar Kn\u00e6gt<\/h2>\n\n\n<div class=\"wp-block-image\">\n<figure class=\"aligncenter size-full\"><img loading=\"lazy\" decoding=\"async\" width=\"281\" height=\"408\" src=\"https:\/\/kongegrave.dk\/wp-content\/uploads\/2024\/04\/image-6.png\" alt=\"\" class=\"wp-image-28693\" srcset=\"https:\/\/kongegrave.dk\/wp-content\/uploads\/2024\/04\/image-6.png 281w, https:\/\/kongegrave.dk\/wp-content\/uploads\/2024\/04\/image-6-207x300.png 207w\" sizes=\"auto, (max-width: 281px) 100vw, 281px\" \/><figcaption class=\"wp-element-caption\">De 12 billedkort har alle navne, som referer til virkelige eller mytiske figurer. Spar kn\u00e6gt er s\u00e5ledes Holger Danske.<\/figcaption><\/figure>\n<\/div>\n\n\n<h2 class=\"wp-block-heading\" id=\"st. faron\">St. Faron<\/h2>\n\n\n\n<p>Holger Danske skulle v\u00e6re begravet i klostret St. Faron i Meaux. Klostret findes ikke l\u00e6ngere, men navnet er bevaret i gaden Rue Saint Faron. I n\u00e6rheden ligger <a href=\"https:\/\/www.google.com\/maps\/@48.9655226,2.8848794,461a,35y,36.68h\/data=!3m1!1e3?hl=fr\">Lyc\u00e9e Bossuet<\/a>, som er bygget over klostrets abbedbolig, og hvor der er en bygning med bindingsv\u00e6rkstruktur og en hv\u00e6lvet k\u00e6lder fra middelalderen.  Det eneste spor af gravm\u00e6let er Holger Danskes hoved, som er udstillet p\u00e5 <a href=\"https:\/\/www.google.com\/maps\/@48.9605332,2.8784986,199m\/data=!3m1!1e3\">Bossuet-museet<\/a> i Meaux<\/p>\n\n\n\n<div class=\"wp-block-columns is-layout-flex wp-container-core-columns-is-layout-9d6595d7 wp-block-columns-is-layout-flex\">\n<div class=\"wp-block-column is-layout-flow wp-block-column-is-layout-flow\">\n<figure class=\"wp-block-image size-large\"><img loading=\"lazy\" decoding=\"async\" width=\"482\" height=\"626\" src=\"https:\/\/kongegrave.dk\/wp-content\/uploads\/2021\/01\/holger-danske-hoved.jpg\" alt=\"\" class=\"wp-image-16823\" srcset=\"https:\/\/kongegrave.dk\/wp-content\/uploads\/2021\/01\/holger-danske-hoved.jpg 482w, https:\/\/kongegrave.dk\/wp-content\/uploads\/2021\/01\/holger-danske-hoved-231x300.jpg 231w\" sizes=\"auto, (max-width: 482px) 100vw, 482px\" \/><figcaption class=\"wp-element-caption\">Holger Danskes hoved i Boussuet-museet. Kilde: <a href=\"https:\/\/books.openedition.org\/cths\/909\">https:\/\/books.openedition.org\/cths\/909<\/a><\/figcaption><\/figure>\n<\/div>\n\n\n\n<div class=\"wp-block-column is-layout-flow wp-block-column-is-layout-flow\">\n<div style=\"height:58px\" aria-hidden=\"true\" class=\"wp-block-spacer\"><\/div>\n\n\n\n<figure class=\"wp-block-image size-large\"><img loading=\"lazy\" decoding=\"async\" width=\"510\" height=\"416\" src=\"https:\/\/kongegrave.dk\/wp-content\/uploads\/2021\/01\/holger-danske-grav.jpg\" alt=\"\" class=\"wp-image-16824\" srcset=\"https:\/\/kongegrave.dk\/wp-content\/uploads\/2021\/01\/holger-danske-grav.jpg 510w, https:\/\/kongegrave.dk\/wp-content\/uploads\/2021\/01\/holger-danske-grav-300x245.jpg 300w\" sizes=\"auto, (max-width: 510px) 100vw, 510px\" \/><figcaption class=\"wp-element-caption\">Illustration af Holger Danskes grav i klostret Saint Faron. Kilde: <a href=\"https:\/\/books.openedition.org\/cths\/909\">https:\/\/books.openedition.org\/cths\/909<\/a><\/figcaption><\/figure>\n<\/div>\n<\/div>\n","protected":false},"excerpt":{"rendered":"<p>If\u00f8lge Peter Lav\u00e6tz: Af kongelig Byrd er Holger Danske, som nok i virkeligheden hed Helge, s\u00f8n af Harald Hildetand. Holger Danske optr\u00e6der i Rolandskvadet (digtet o. 1060), som skildrer Karl den Stores kampe mod Saracenerne i Spanien 777-778. Han optr\u00e6der ogs\u00e5 i digtet, La chevalerie d&#8217;Orgier de Danemarche (digtet o. 1200). I Kronborgs kasematter st\u00e5r &hellip; <\/p>\n<p class=\"link-more\"><a href=\"https:\/\/kongegrave.dk\/?page_id=6756\" class=\"more-link\">L\u00e6s videre<span class=\"screen-reader-text\"> &#8220;Holger Danske (o.760 &#8211; ?)&#8221;<\/span><\/a><\/p>\n","protected":false},"author":1,"featured_media":0,"parent":0,"menu_order":0,"comment_status":"closed","ping_status":"closed","template":"","meta":{"footnotes":""},"class_list":["post-6756","page","type-page","status-publish","hentry"],"_links":{"self":[{"href":"https:\/\/kongegrave.dk\/index.php?rest_route=\/wp\/v2\/pages\/6756","targetHints":{"allow":["GET"]}}],"collection":[{"href":"https:\/\/kongegrave.dk\/index.php?rest_route=\/wp\/v2\/pages"}],"about":[{"href":"https:\/\/kongegrave.dk\/index.php?rest_route=\/wp\/v2\/types\/page"}],"author":[{"embeddable":true,"href":"https:\/\/kongegrave.dk\/index.php?rest_route=\/wp\/v2\/users\/1"}],"replies":[{"embeddable":true,"href":"https:\/\/kongegrave.dk\/index.php?rest_route=%2Fwp%2Fv2%2Fcomments&post=6756"}],"version-history":[{"count":24,"href":"https:\/\/kongegrave.dk\/index.php?rest_route=\/wp\/v2\/pages\/6756\/revisions"}],"predecessor-version":[{"id":30712,"href":"https:\/\/kongegrave.dk\/index.php?rest_route=\/wp\/v2\/pages\/6756\/revisions\/30712"}],"wp:attachment":[{"href":"https:\/\/kongegrave.dk\/index.php?rest_route=%2Fwp%2Fv2%2Fmedia&parent=6756"}],"curies":[{"name":"wp","href":"https:\/\/api.w.org\/{rel}","templated":true}]}}